{"id":900,"date":"2024-12-03T09:51:02","date_gmt":"2024-12-03T09:51:02","guid":{"rendered":"https:\/\/magicwhip.com\/product\/appareil-a-creme-fouettee\/"},"modified":"2025-02-14T13:01:57","modified_gmt":"2025-02-14T13:01:57","slug":"appareil-pour-faire-de-la-chantilly","status":"publish","type":"product","link":"https:\/\/magicwhip.com\/fr\/product\/appareil-pour-faire-de-la-chantilly\/","title":{"rendered":"Appareil pour faire de la chantilly"},"excerpt":{"rendered":"<p class=\"text-highlight\">Dans toute cuisine professionnelle, une machine \u00e0 cr\u00e8me fouett\u00e9e change la donne, car elle transforme la t\u00e2che autrefois manuelle et fastidieuse de fouetter la cr\u00e8me en un processus sans effort.<\/p>\n<p class=\"text-star\">MagicWhip : Le distributeur de cr\u00e8me ultime<\/p>\n<p>Le distributeur de cr\u00e8me MagicWhip fait des miracles dans la cuisine. Il suffit d&#8217;appuyer sur un bouton pour transformer vos chargeurs de cr\u00e8me N2O en cr\u00e8mes a\u00e9riennes et onctueuses. \u00c7a, c&#8217;est de la magie !<\/p>\n<p class=\"text-star\">Des distributeurs de cr\u00e8me rapides, impeccables et essentiels<\/p>\n<p>L&#8217;int\u00e9r\u00eat d&#8217;un distributeur de cr\u00e8me est qu&#8217;il est rapide et efficace, qu&#8217;il acc\u00e9l\u00e8re la production et qu&#8217;il permet d&#8217;obtenir une qualit\u00e9 irr\u00e9prochable qui se marie tr\u00e8s bien avec tous les plats, ce qui le rend indispensable dans les restaurants et les caf\u00e9s tr\u00e8s fr\u00e9quent\u00e9s.<\/p>\n<p>MagicWhip propose des prix de gros imbattables sur des machines \u00e0 cr\u00e8me fouett\u00e9e de premier ordre, parfaites pour traiter de gros volumes dans des cuisines en pleine effervescence. C&#8217;est ce qui nous rend particuli\u00e8rement magiques &#8211; nous restons le produit le plus comp\u00e9titif sur le march\u00e9 avec des prix difficiles \u00e0 croire. Notre machine \u00e0 cr\u00e8me fouett\u00e9e pampered chef est un r\u00eave pour les restaurants qui ont l&#8217;ambition de grandir et d&#8217;\u00eatre performants.<\/p>\n","protected":false},"featured_media":643,"template":"","meta":{"_acf_changed":false},"product_brand":[],"product_cat":[29],"product_tag":[],"class_list":{"0":"post-900","1":"product","2":"type-product","3":"status-publish","4":"has-post-thumbnail","6":"product_cat-tous-les-produits","8":"first","9":"instock","10":"shipping-taxable","11":"product-type-simple"},"acf":[],"yoast_head":"<!-- This site is optimized with the Yoast SEO plugin v27.2 - https:\/\/yoast.com\/product\/yoast-seo-wordpress\/ -->\n<title>Appareil pour faire de la chantilly avec distributeur de N2O<\/title>\n<meta name=\"description\" content=\"Appareil pour faire de la chantilly avec distributeur de N2O con\u00e7u sp\u00e9cialement pour la pr\u00e9paration de cr\u00e8mes fouett\u00e9es, de mousses. Vente en gros, meilleurs prix\" \/>\n<meta name=\"robots\" content=\"index, follow, max-snippet:-1, max-image-preview:large, max-video-preview:-1\" \/>\n<link rel=\"canonical\" href=\"https:\/\/magicwhip.com\/fr\/product\/appareil-pour-faire-de-la-chantilly\/\" \/>\n<meta property=\"og:locale\" content=\"fr_FR\" \/>\n<meta property=\"og:type\" content=\"article\" \/>\n<meta property=\"og:title\" content=\"Appareil pour faire de la chantilly avec distributeur de N2O\" \/>\n<meta property=\"og:description\" content=\"Appareil pour faire de la chantilly avec distributeur de N2O con\u00e7u sp\u00e9cialement pour la pr\u00e9paration de cr\u00e8mes fouett\u00e9es, de mousses. Vente en gros, meilleurs prix\" \/>\n<meta property=\"og:url\" content=\"https:\/\/magicwhip.com\/fr\/product\/appareil-pour-faire-de-la-chantilly\/\" \/>\n<meta property=\"og:site_name\" content=\"MagicWhip\" \/>\n<meta property=\"article:modified_time\" content=\"2025-02-14T13:01:57+00:00\" \/>\n<meta property=\"og:image\" content=\"https:\/\/magicwhip.com\/wp-content\/uploads\/2024\/12\/53db65cc-0d90-42f8-bf7e-fb14b7283a1a_medium.png\" \/>\n\t<meta property=\"og:image:width\" content=\"300\" \/>\n\t<meta property=\"og:image:height\" content=\"300\" \/>\n\t<meta property=\"og:image:type\" content=\"image\/png\" \/>\n<meta name=\"twitter:card\" content=\"summary_large_image\" \/>\n<meta name=\"twitter:label1\" content=\"Est. reading time\" \/>\n\t<meta name=\"twitter:data1\" content=\"1 minute\" \/>\n<script type=\"application\/ld+json\" class=\"yoast-schema-graph\">{\"@context\":\"https:\/\/schema.org\",\"@graph\":[{\"@type\":\"WebPage\",\"@id\":\"https:\/\/magicwhip.com\/fr\/product\/appareil-pour-faire-de-la-chantilly\/\",\"url\":\"https:\/\/magicwhip.com\/fr\/product\/appareil-pour-faire-de-la-chantilly\/\",\"name\":\"Appareil pour faire de la chantilly avec distributeur de N2O\",\"isPartOf\":{\"@id\":\"https:\/\/magicwhip.com\/fr\/#website\"},\"primaryImageOfPage\":{\"@id\":\"https:\/\/magicwhip.com\/fr\/product\/appareil-pour-faire-de-la-chantilly\/#primaryimage\"},\"image\":{\"@id\":\"https:\/\/magicwhip.com\/fr\/product\/appareil-pour-faire-de-la-chantilly\/#primaryimage\"},\"thumbnailUrl\":\"https:\/\/magicwhip.com\/wp-content\/uploads\/2024\/12\/53db65cc-0d90-42f8-bf7e-fb14b7283a1a_medium.png\",\"datePublished\":\"2024-12-03T09:51:02+00:00\",\"dateModified\":\"2025-02-14T13:01:57+00:00\",\"description\":\"Appareil pour faire de la chantilly avec distributeur de N2O con\u00e7u sp\u00e9cialement pour la pr\u00e9paration de cr\u00e8mes fouett\u00e9es, de mousses. Vente en gros, meilleurs prix\",\"breadcrumb\":{\"@id\":\"https:\/\/magicwhip.com\/fr\/product\/appareil-pour-faire-de-la-chantilly\/#breadcrumb\"},\"inLanguage\":\"fr-FR\",\"potentialAction\":[{\"@type\":\"ReadAction\",\"target\":[\"https:\/\/magicwhip.com\/fr\/product\/appareil-pour-faire-de-la-chantilly\/\"]}]},{\"@type\":\"ImageObject\",\"inLanguage\":\"fr-FR\",\"@id\":\"https:\/\/magicwhip.com\/fr\/product\/appareil-pour-faire-de-la-chantilly\/#primaryimage\",\"url\":\"https:\/\/magicwhip.com\/wp-content\/uploads\/2024\/12\/53db65cc-0d90-42f8-bf7e-fb14b7283a1a_medium.png\",\"contentUrl\":\"https:\/\/magicwhip.com\/wp-content\/uploads\/2024\/12\/53db65cc-0d90-42f8-bf7e-fb14b7283a1a_medium.png\",\"width\":300,\"height\":300},{\"@type\":\"BreadcrumbList\",\"@id\":\"https:\/\/magicwhip.com\/fr\/product\/appareil-pour-faire-de-la-chantilly\/#breadcrumb\",\"itemListElement\":[{\"@type\":\"ListItem\",\"position\":1,\"name\":\"Home\",\"item\":\"https:\/\/magicwhip.com\/fr\/\"},{\"@type\":\"ListItem\",\"position\":2,\"name\":\"Appareil pour faire de la chantilly\"}]},{\"@type\":\"WebSite\",\"@id\":\"https:\/\/magicwhip.com\/fr\/#website\",\"url\":\"https:\/\/magicwhip.com\/fr\/\",\"name\":\"MagicWhip\",\"description\":\"\",\"potentialAction\":[{\"@type\":\"SearchAction\",\"target\":{\"@type\":\"EntryPoint\",\"urlTemplate\":\"https:\/\/magicwhip.com\/fr\/?s={search_term_string}\"},\"query-input\":{\"@type\":\"PropertyValueSpecification\",\"valueRequired\":true,\"valueName\":\"search_term_string\"}}],\"inLanguage\":\"fr-FR\"}]}<\/script>\n<!-- \/ Yoast SEO plugin. -->","yoast_head_json":{"title":"Appareil pour faire de la chantilly avec distributeur de N2O","description":"Appareil pour faire de la chantilly avec distributeur de N2O con\u00e7u sp\u00e9cialement pour la pr\u00e9paration de cr\u00e8mes fouett\u00e9es, de mousses. Vente en gros, meilleurs prix","robots":{"index":"index","follow":"follow","max-snippet":"max-snippet:-1","max-image-preview":"max-image-preview:large","max-video-preview":"max-video-preview:-1"},"canonical":"https:\/\/magicwhip.com\/fr\/product\/appareil-pour-faire-de-la-chantilly\/","og_locale":"fr_FR","og_type":"article","og_title":"Appareil pour faire de la chantilly avec distributeur de N2O","og_description":"Appareil pour faire de la chantilly avec distributeur de N2O con\u00e7u sp\u00e9cialement pour la pr\u00e9paration de cr\u00e8mes fouett\u00e9es, de mousses. Vente en gros, meilleurs prix","og_url":"https:\/\/magicwhip.com\/fr\/product\/appareil-pour-faire-de-la-chantilly\/","og_site_name":"MagicWhip","article_modified_time":"2025-02-14T13:01:57+00:00","og_image":[{"width":300,"height":300,"url":"https:\/\/magicwhip.com\/wp-content\/uploads\/2024\/12\/53db65cc-0d90-42f8-bf7e-fb14b7283a1a_medium.png","type":"image\/png"}],"twitter_card":"summary_large_image","twitter_misc":{"Est. reading time":"1 minute"},"schema":{"@context":"https:\/\/schema.org","@graph":[{"@type":"WebPage","@id":"https:\/\/magicwhip.com\/fr\/product\/appareil-pour-faire-de-la-chantilly\/","url":"https:\/\/magicwhip.com\/fr\/product\/appareil-pour-faire-de-la-chantilly\/","name":"Appareil pour faire de la chantilly avec distributeur de N2O","isPartOf":{"@id":"https:\/\/magicwhip.com\/fr\/#website"},"primaryImageOfPage":{"@id":"https:\/\/magicwhip.com\/fr\/product\/appareil-pour-faire-de-la-chantilly\/#primaryimage"},"image":{"@id":"https:\/\/magicwhip.com\/fr\/product\/appareil-pour-faire-de-la-chantilly\/#primaryimage"},"thumbnailUrl":"https:\/\/magicwhip.com\/wp-content\/uploads\/2024\/12\/53db65cc-0d90-42f8-bf7e-fb14b7283a1a_medium.png","datePublished":"2024-12-03T09:51:02+00:00","dateModified":"2025-02-14T13:01:57+00:00","description":"Appareil pour faire de la chantilly avec distributeur de N2O con\u00e7u sp\u00e9cialement pour la pr\u00e9paration de cr\u00e8mes fouett\u00e9es, de mousses. Vente en gros, meilleurs prix","breadcrumb":{"@id":"https:\/\/magicwhip.com\/fr\/product\/appareil-pour-faire-de-la-chantilly\/#breadcrumb"},"inLanguage":"fr-FR","potentialAction":[{"@type":"ReadAction","target":["https:\/\/magicwhip.com\/fr\/product\/appareil-pour-faire-de-la-chantilly\/"]}]},{"@type":"ImageObject","inLanguage":"fr-FR","@id":"https:\/\/magicwhip.com\/fr\/product\/appareil-pour-faire-de-la-chantilly\/#primaryimage","url":"https:\/\/magicwhip.com\/wp-content\/uploads\/2024\/12\/53db65cc-0d90-42f8-bf7e-fb14b7283a1a_medium.png","contentUrl":"https:\/\/magicwhip.com\/wp-content\/uploads\/2024\/12\/53db65cc-0d90-42f8-bf7e-fb14b7283a1a_medium.png","width":300,"height":300},{"@type":"BreadcrumbList","@id":"https:\/\/magicwhip.com\/fr\/product\/appareil-pour-faire-de-la-chantilly\/#breadcrumb","itemListElement":[{"@type":"ListItem","position":1,"name":"Home","item":"https:\/\/magicwhip.com\/fr\/"},{"@type":"ListItem","position":2,"name":"Appareil pour faire de la chantilly"}]},{"@type":"WebSite","@id":"https:\/\/magicwhip.com\/fr\/#website","url":"https:\/\/magicwhip.com\/fr\/","name":"MagicWhip","description":"","potentialAction":[{"@type":"SearchAction","target":{"@type":"EntryPoint","urlTemplate":"https:\/\/magicwhip.com\/fr\/?s={search_term_string}"},"query-input":{"@type":"PropertyValueSpecification","valueRequired":true,"valueName":"search_term_string"}}],"inLanguage":"fr-FR"}]}},"_links":{"self":[{"href":"https:\/\/magicwhip.com\/fr\/wp-json\/wp\/v2\/product\/900","targetHints":{"allow":["GET"]}}],"collection":[{"href":"https:\/\/magicwhip.com\/fr\/wp-json\/wp\/v2\/product"}],"about":[{"href":"https:\/\/magicwhip.com\/fr\/wp-json\/wp\/v2\/types\/product"}],"wp:featuredmedia":[{"embeddable":true,"href":"https:\/\/magicwhip.com\/fr\/wp-json\/wp\/v2\/media\/643"}],"wp:attachment":[{"href":"https:\/\/magicwhip.com\/fr\/wp-json\/wp\/v2\/media?parent=900"}],"wp:term":[{"taxonomy":"product_brand","embeddable":true,"href":"https:\/\/magicwhip.com\/fr\/wp-json\/wp\/v2\/product_brand?post=900"},{"taxonomy":"product_cat","embeddable":true,"href":"https:\/\/magicwhip.com\/fr\/wp-json\/wp\/v2\/product_cat?post=900"},{"taxonomy":"product_tag","embeddable":true,"href":"https:\/\/magicwhip.com\/fr\/wp-json\/wp\/v2\/product_tag?post=900"}],"curies":[{"name":"wp","href":"https:\/\/api.w.org\/{rel}","templated":true}]}}