{"id":897,"date":"2025-01-23T14:46:10","date_gmt":"2025-01-23T14:46:10","guid":{"rendered":"https:\/\/magicwhip.com\/product\/whip-cream-chargers\/"},"modified":"2025-09-03T12:09:48","modified_gmt":"2025-09-03T12:09:48","slug":"bonbonne-protoxyde-dazote","status":"publish","type":"product","link":"https:\/\/magicwhip.com\/fr\/product\/bonbonne-protoxyde-dazote\/","title":{"rendered":"Bonbonne Protoxyde D&#8217;azote"},"excerpt":{"rendered":"<p class=\"text-highlight\">MagicWhip est le nom derri\u00e8re les chargeurs de cr\u00e8me \u00e9conomiques et autres \u00e9quipements pour pr\u00e9parer des cr\u00e8mes fouett\u00e9es et des sauces pour toute cuisine professionnelle<\/p>\n<p class=\"text-star\">Magiquement Abordable<\/p>\n<p>Acheter des cartouches de cr\u00e8me en gros r\u00e9duit consid\u00e9rablement les co\u00fbts, surtout avec MagicWhip \u2013 des prix magiquement bas pour une cartouche de N2O de qualit\u00e9 europ\u00e9enne.<\/p>\n<p class=\"text-star\">\u00c9l\u00e9gant &amp; Comp\u00e9titif<\/p>\n<p>Les cartouches MagicWhip produisent des mousses et des cr\u00e8mes fouett\u00e9es a\u00e9riennes et l\u00e9g\u00e8res, parfaites pour sublimer desserts, boissons et plats. Dans les restaurants, p\u00e2tisseries et bars o\u00f9 mousses, caf\u00e9s, cocktails et plats sp\u00e9ciaux sont pr\u00e9par\u00e9s en continu, la touche magique de nos cartouches vous placera au-dessus de la concurrence.<\/p>\n<p class=\"text-star\">Fiable &amp; Efficace<\/p>\n<p>Les cartouches de cr\u00e8me MagicWhip en gros sont fiables, efficaces et fabriqu\u00e9es selon les exigences europ\u00e9ennes de l&#8217;industrie alimentaire. Nos cartouches MagicWhip sont disponibles en format 615\/640 g. Fini les petites capsules de 8 g \u2013 MagicWhip offre une efficacit\u00e9 80x sup\u00e9rieure aux cartouches traditionnelles ! Rejoignez le cercle magique en commandant un lot de cartouches, livr\u00e9 dans les meilleurs d\u00e9lais.<\/p>\n<p class=\"text-highlight\">Chaque palette contient entre 450 et 504 cartouches selon votre localisation.<br \/>\nChaque palette de 615\/640 g comprend 75 cartons (6 cartouches par carton).<\/p>\n","protected":false},"featured_media":1183,"template":"","meta":{"_acf_changed":false},"product_brand":[],"product_cat":[29],"product_tag":[],"class_list":{"0":"post-897","1":"product","2":"type-product","3":"status-publish","4":"has-post-thumbnail","6":"product_cat-tous-les-produits","8":"first","9":"instock","10":"shipping-taxable","11":"product-type-simple"},"acf":[],"yoast_head":"<!-- This site is optimized with the Yoast SEO plugin v27.2 - https:\/\/yoast.com\/product\/yoast-seo-wordpress\/ -->\n<title>Bonbonne Protoxyde D&#039;azote, qualit\u00e9 fabricant - MagicWip<\/title>\n<meta name=\"description\" content=\"Bonbonne protoxyde d&#039;azote de haute qualit\u00e9 \u00e0 prix comp\u00e9titifs. Bonbonnes et bouteille disponibles. Commandez votre cartouches de cr\u00e8me N2O en ligne. Commandez en gros\" \/>\n<meta name=\"robots\" content=\"index, follow, max-snippet:-1, max-image-preview:large, max-video-preview:-1\" \/>\n<link rel=\"canonical\" href=\"https:\/\/magicwhip.com\/fr\/product\/bonbonne-protoxyde-dazote\/\" \/>\n<meta property=\"og:locale\" content=\"fr_FR\" \/>\n<meta property=\"og:type\" content=\"article\" \/>\n<meta property=\"og:title\" content=\"Bonbonne Protoxyde D&#039;azote, qualit\u00e9 fabricant - MagicWip\" \/>\n<meta property=\"og:description\" content=\"Bonbonne protoxyde d&#039;azote de haute qualit\u00e9 \u00e0 prix comp\u00e9titifs. Bonbonnes et bouteille disponibles. Commandez votre cartouches de cr\u00e8me N2O en ligne. Commandez en gros\" \/>\n<meta property=\"og:url\" content=\"https:\/\/magicwhip.com\/fr\/product\/bonbonne-protoxyde-dazote\/\" \/>\n<meta property=\"og:site_name\" content=\"MagicWhip\" \/>\n<meta property=\"article:modified_time\" content=\"2025-09-03T12:09:48+00:00\" \/>\n<meta property=\"og:image\" content=\"https:\/\/magicwhip.com\/wp-content\/uploads\/2025\/01\/MagicWhip-Cream-Charger-2.png\" \/>\n\t<meta property=\"og:image:width\" content=\"750\" \/>\n\t<meta property=\"og:image:height\" content=\"750\" \/>\n\t<meta property=\"og:image:type\" content=\"image\/png\" \/>\n<meta name=\"twitter:card\" content=\"summary_large_image\" \/>\n<meta name=\"twitter:label1\" content=\"Est. reading time\" \/>\n\t<meta name=\"twitter:data1\" content=\"2 minutes\" \/>\n<script type=\"application\/ld+json\" class=\"yoast-schema-graph\">{\"@context\":\"https:\/\/schema.org\",\"@graph\":[{\"@type\":\"WebPage\",\"@id\":\"https:\/\/magicwhip.com\/fr\/product\/bonbonne-protoxyde-dazote\/\",\"url\":\"https:\/\/magicwhip.com\/fr\/product\/bonbonne-protoxyde-dazote\/\",\"name\":\"Bonbonne Protoxyde D'azote, qualit\u00e9 fabricant - MagicWip\",\"isPartOf\":{\"@id\":\"https:\/\/magicwhip.com\/fr\/#website\"},\"primaryImageOfPage\":{\"@id\":\"https:\/\/magicwhip.com\/fr\/product\/bonbonne-protoxyde-dazote\/#primaryimage\"},\"image\":{\"@id\":\"https:\/\/magicwhip.com\/fr\/product\/bonbonne-protoxyde-dazote\/#primaryimage\"},\"thumbnailUrl\":\"https:\/\/magicwhip.com\/wp-content\/uploads\/2025\/01\/MagicWhip-Cream-Charger-2.png\",\"datePublished\":\"2025-01-23T14:46:10+00:00\",\"dateModified\":\"2025-09-03T12:09:48+00:00\",\"description\":\"Bonbonne protoxyde d'azote de haute qualit\u00e9 \u00e0 prix comp\u00e9titifs. Bonbonnes et bouteille disponibles. Commandez votre cartouches de cr\u00e8me N2O en ligne. Commandez en gros\",\"breadcrumb\":{\"@id\":\"https:\/\/magicwhip.com\/fr\/product\/bonbonne-protoxyde-dazote\/#breadcrumb\"},\"inLanguage\":\"fr-FR\",\"potentialAction\":[{\"@type\":\"ReadAction\",\"target\":[\"https:\/\/magicwhip.com\/fr\/product\/bonbonne-protoxyde-dazote\/\"]}]},{\"@type\":\"ImageObject\",\"inLanguage\":\"fr-FR\",\"@id\":\"https:\/\/magicwhip.com\/fr\/product\/bonbonne-protoxyde-dazote\/#primaryimage\",\"url\":\"https:\/\/magicwhip.com\/wp-content\/uploads\/2025\/01\/MagicWhip-Cream-Charger-2.png\",\"contentUrl\":\"https:\/\/magicwhip.com\/wp-content\/uploads\/2025\/01\/MagicWhip-Cream-Charger-2.png\",\"width\":750,\"height\":750},{\"@type\":\"BreadcrumbList\",\"@id\":\"https:\/\/magicwhip.com\/fr\/product\/bonbonne-protoxyde-dazote\/#breadcrumb\",\"itemListElement\":[{\"@type\":\"ListItem\",\"position\":1,\"name\":\"Home\",\"item\":\"https:\/\/magicwhip.com\/fr\/\"},{\"@type\":\"ListItem\",\"position\":2,\"name\":\"Bonbonne Protoxyde D&#8217;azote\"}]},{\"@type\":\"WebSite\",\"@id\":\"https:\/\/magicwhip.com\/fr\/#website\",\"url\":\"https:\/\/magicwhip.com\/fr\/\",\"name\":\"MagicWhip\",\"description\":\"\",\"potentialAction\":[{\"@type\":\"SearchAction\",\"target\":{\"@type\":\"EntryPoint\",\"urlTemplate\":\"https:\/\/magicwhip.com\/fr\/?s={search_term_string}\"},\"query-input\":{\"@type\":\"PropertyValueSpecification\",\"valueRequired\":true,\"valueName\":\"search_term_string\"}}],\"inLanguage\":\"fr-FR\"}]}<\/script>\n<!-- \/ Yoast SEO plugin. -->","yoast_head_json":{"title":"Bonbonne Protoxyde D'azote, qualit\u00e9 fabricant - MagicWip","description":"Bonbonne protoxyde d'azote de haute qualit\u00e9 \u00e0 prix comp\u00e9titifs. Bonbonnes et bouteille disponibles. Commandez votre cartouches de cr\u00e8me N2O en ligne. Commandez en gros","robots":{"index":"index","follow":"follow","max-snippet":"max-snippet:-1","max-image-preview":"max-image-preview:large","max-video-preview":"max-video-preview:-1"},"canonical":"https:\/\/magicwhip.com\/fr\/product\/bonbonne-protoxyde-dazote\/","og_locale":"fr_FR","og_type":"article","og_title":"Bonbonne Protoxyde D'azote, qualit\u00e9 fabricant - MagicWip","og_description":"Bonbonne protoxyde d'azote de haute qualit\u00e9 \u00e0 prix comp\u00e9titifs. Bonbonnes et bouteille disponibles. Commandez votre cartouches de cr\u00e8me N2O en ligne. Commandez en gros","og_url":"https:\/\/magicwhip.com\/fr\/product\/bonbonne-protoxyde-dazote\/","og_site_name":"MagicWhip","article_modified_time":"2025-09-03T12:09:48+00:00","og_image":[{"width":750,"height":750,"url":"https:\/\/magicwhip.com\/wp-content\/uploads\/2025\/01\/MagicWhip-Cream-Charger-2.png","type":"image\/png"}],"twitter_card":"summary_large_image","twitter_misc":{"Est. reading time":"2 minutes"},"schema":{"@context":"https:\/\/schema.org","@graph":[{"@type":"WebPage","@id":"https:\/\/magicwhip.com\/fr\/product\/bonbonne-protoxyde-dazote\/","url":"https:\/\/magicwhip.com\/fr\/product\/bonbonne-protoxyde-dazote\/","name":"Bonbonne Protoxyde D'azote, qualit\u00e9 fabricant - MagicWip","isPartOf":{"@id":"https:\/\/magicwhip.com\/fr\/#website"},"primaryImageOfPage":{"@id":"https:\/\/magicwhip.com\/fr\/product\/bonbonne-protoxyde-dazote\/#primaryimage"},"image":{"@id":"https:\/\/magicwhip.com\/fr\/product\/bonbonne-protoxyde-dazote\/#primaryimage"},"thumbnailUrl":"https:\/\/magicwhip.com\/wp-content\/uploads\/2025\/01\/MagicWhip-Cream-Charger-2.png","datePublished":"2025-01-23T14:46:10+00:00","dateModified":"2025-09-03T12:09:48+00:00","description":"Bonbonne protoxyde d'azote de haute qualit\u00e9 \u00e0 prix comp\u00e9titifs. Bonbonnes et bouteille disponibles. Commandez votre cartouches de cr\u00e8me N2O en ligne. Commandez en gros","breadcrumb":{"@id":"https:\/\/magicwhip.com\/fr\/product\/bonbonne-protoxyde-dazote\/#breadcrumb"},"inLanguage":"fr-FR","potentialAction":[{"@type":"ReadAction","target":["https:\/\/magicwhip.com\/fr\/product\/bonbonne-protoxyde-dazote\/"]}]},{"@type":"ImageObject","inLanguage":"fr-FR","@id":"https:\/\/magicwhip.com\/fr\/product\/bonbonne-protoxyde-dazote\/#primaryimage","url":"https:\/\/magicwhip.com\/wp-content\/uploads\/2025\/01\/MagicWhip-Cream-Charger-2.png","contentUrl":"https:\/\/magicwhip.com\/wp-content\/uploads\/2025\/01\/MagicWhip-Cream-Charger-2.png","width":750,"height":750},{"@type":"BreadcrumbList","@id":"https:\/\/magicwhip.com\/fr\/product\/bonbonne-protoxyde-dazote\/#breadcrumb","itemListElement":[{"@type":"ListItem","position":1,"name":"Home","item":"https:\/\/magicwhip.com\/fr\/"},{"@type":"ListItem","position":2,"name":"Bonbonne Protoxyde D&#8217;azote"}]},{"@type":"WebSite","@id":"https:\/\/magicwhip.com\/fr\/#website","url":"https:\/\/magicwhip.com\/fr\/","name":"MagicWhip","description":"","potentialAction":[{"@type":"SearchAction","target":{"@type":"EntryPoint","urlTemplate":"https:\/\/magicwhip.com\/fr\/?s={search_term_string}"},"query-input":{"@type":"PropertyValueSpecification","valueRequired":true,"valueName":"search_term_string"}}],"inLanguage":"fr-FR"}]}},"_links":{"self":[{"href":"https:\/\/magicwhip.com\/fr\/wp-json\/wp\/v2\/product\/897","targetHints":{"allow":["GET"]}}],"collection":[{"href":"https:\/\/magicwhip.com\/fr\/wp-json\/wp\/v2\/product"}],"about":[{"href":"https:\/\/magicwhip.com\/fr\/wp-json\/wp\/v2\/types\/product"}],"wp:featuredmedia":[{"embeddable":true,"href":"https:\/\/magicwhip.com\/fr\/wp-json\/wp\/v2\/media\/1183"}],"wp:attachment":[{"href":"https:\/\/magicwhip.com\/fr\/wp-json\/wp\/v2\/media?parent=897"}],"wp:term":[{"taxonomy":"product_brand","embeddable":true,"href":"https:\/\/magicwhip.com\/fr\/wp-json\/wp\/v2\/product_brand?post=897"},{"taxonomy":"product_cat","embeddable":true,"href":"https:\/\/magicwhip.com\/fr\/wp-json\/wp\/v2\/product_cat?post=897"},{"taxonomy":"product_tag","embeddable":true,"href":"https:\/\/magicwhip.com\/fr\/wp-json\/wp\/v2\/product_tag?post=897"}],"curies":[{"name":"wp","href":"https:\/\/api.w.org\/{rel}","templated":true}]}}