{"id":798,"date":"2024-12-02T08:12:11","date_gmt":"2024-12-02T08:12:11","guid":{"rendered":"https:\/\/magicwhip.com\/product\/whipped-cream-pressure-regulator\/"},"modified":"2025-04-07T13:55:03","modified_gmt":"2025-04-07T13:55:03","slug":"acheter-un-regulateur-de-pression-pour-oxyde-nitreux","status":"publish","type":"product","link":"https:\/\/magicwhip.com\/fr\/product\/acheter-un-regulateur-de-pression-pour-oxyde-nitreux\/","title":{"rendered":"Acheter un r\u00e9gulateur de pression pour oxyde nitreux"},"excerpt":{"rendered":"<p class=\"text-star\">Pourquoi avez-vous besoin d\u2019un r\u00e9gulateur de pression pour votre cuisine?<\/p>\n<p>Vous \u00eates convaincu par l\u2019id\u00e9e d\u2019introduire du N2O dans votre cuisine? Parfait! Mais avant que la magie n\u2019op\u00e8re, il vous faut un r\u00e9gulateur de pression pour protoxyde d\u2019azote.<\/p>\n<p>Cet outil essentiel vous permet de contr\u00f4ler le d\u00e9bit de gaz lors de son utilisation avec nos appareils, y compris les machines \u00e0 cr\u00e8me fouett\u00e9e et les siphons. Un r\u00e9gulateur garantit un processus s\u00fbr et efficace, tout en optimisant l\u2019utilisation de votre \u00e9quipement et en r\u00e9duisant le gaspillage.<\/p>\n<p class=\"text-star\">Le choix de confiance pour un r\u00e9gulateur de pression<\/p>\n<p>En tant que fournisseur fiable de r\u00e9gulateurs de pression pour cartouches de cr\u00e8me fouett\u00e9e, MagicWhip jouit d\u2019une excellente r\u00e9putation aupr\u00e8s des distributeurs. Nous garantissons des dispositifs assurant un d\u00e9bit de gaz pr\u00e9cis, comme par magie. Toujours un pas d\u2019avance, nous nous effor\u00e7ons de r\u00e9duire les risques et de rendre nos produits simples \u00e0 utiliser.<\/p>\n<p>Devenez Grossiste<\/p>\n","protected":false},"featured_media":670,"template":"","meta":{"_acf_changed":false},"product_brand":[],"product_cat":[29],"product_tag":[],"class_list":{"0":"post-798","1":"product","2":"type-product","3":"status-publish","4":"has-post-thumbnail","6":"product_cat-tous-les-produits","8":"first","9":"instock","10":"shipping-taxable","11":"product-type-simple"},"acf":[],"yoast_head":"<!-- This site is optimized with the Yoast SEO plugin v27.2 - https:\/\/yoast.com\/product\/yoast-seo-wordpress\/ -->\n<title>R\u00e9gulateur de pression pour bonbonne protoxyde d&#039;azote<\/title>\n<meta name=\"description\" content=\"Les r\u00e9gulateurs de pression et manom\u00e8tres pour bonbonnes de protoxyde d&#039;azote permettent d&#039;ajuster la pression de sortie selon vos pr\u00e9f\u00e9rences. Vente en gros disponible.\" \/>\n<meta name=\"robots\" content=\"index, follow, max-snippet:-1, max-image-preview:large, max-video-preview:-1\" \/>\n<link rel=\"canonical\" href=\"https:\/\/magicwhip.com\/fr\/product\/acheter-un-regulateur-de-pression-pour-oxyde-nitreux\/\" \/>\n<meta property=\"og:locale\" content=\"fr_FR\" \/>\n<meta property=\"og:type\" content=\"article\" \/>\n<meta property=\"og:title\" content=\"R\u00e9gulateur de pression pour bonbonne protoxyde d&#039;azote\" \/>\n<meta property=\"og:description\" content=\"Les r\u00e9gulateurs de pression et manom\u00e8tres pour bonbonnes de protoxyde d&#039;azote permettent d&#039;ajuster la pression de sortie selon vos pr\u00e9f\u00e9rences. Vente en gros disponible.\" \/>\n<meta property=\"og:url\" content=\"https:\/\/magicwhip.com\/fr\/product\/acheter-un-regulateur-de-pression-pour-oxyde-nitreux\/\" \/>\n<meta property=\"og:site_name\" content=\"MagicWhip\" \/>\n<meta property=\"article:modified_time\" content=\"2025-04-07T13:55:03+00:00\" \/>\n<meta property=\"og:image\" content=\"https:\/\/magicwhip.com\/wp-content\/uploads\/2024\/12\/pressure-regulator.png\" \/>\n\t<meta property=\"og:image:width\" content=\"1000\" \/>\n\t<meta property=\"og:image:height\" content=\"1000\" \/>\n\t<meta property=\"og:image:type\" content=\"image\/png\" \/>\n<meta name=\"twitter:card\" content=\"summary_large_image\" \/>\n<meta name=\"twitter:label1\" content=\"Est. reading time\" \/>\n\t<meta name=\"twitter:data1\" content=\"3 minutes\" \/>\n<script type=\"application\/ld+json\" class=\"yoast-schema-graph\">{\"@context\":\"https:\/\/schema.org\",\"@graph\":[{\"@type\":\"WebPage\",\"@id\":\"https:\/\/magicwhip.com\/fr\/product\/acheter-un-regulateur-de-pression-pour-oxyde-nitreux\/\",\"url\":\"https:\/\/magicwhip.com\/fr\/product\/acheter-un-regulateur-de-pression-pour-oxyde-nitreux\/\",\"name\":\"R\u00e9gulateur de pression pour bonbonne protoxyde d'azote\",\"isPartOf\":{\"@id\":\"https:\/\/magicwhip.com\/fr\/#website\"},\"primaryImageOfPage\":{\"@id\":\"https:\/\/magicwhip.com\/fr\/product\/acheter-un-regulateur-de-pression-pour-oxyde-nitreux\/#primaryimage\"},\"image\":{\"@id\":\"https:\/\/magicwhip.com\/fr\/product\/acheter-un-regulateur-de-pression-pour-oxyde-nitreux\/#primaryimage\"},\"thumbnailUrl\":\"https:\/\/magicwhip.com\/wp-content\/uploads\/2024\/12\/pressure-regulator.png\",\"datePublished\":\"2024-12-02T08:12:11+00:00\",\"dateModified\":\"2025-04-07T13:55:03+00:00\",\"description\":\"Les r\u00e9gulateurs de pression et manom\u00e8tres pour bonbonnes de protoxyde d'azote permettent d'ajuster la pression de sortie selon vos pr\u00e9f\u00e9rences. Vente en gros disponible.\",\"breadcrumb\":{\"@id\":\"https:\/\/magicwhip.com\/fr\/product\/acheter-un-regulateur-de-pression-pour-oxyde-nitreux\/#breadcrumb\"},\"inLanguage\":\"fr-FR\",\"potentialAction\":[{\"@type\":\"ReadAction\",\"target\":[\"https:\/\/magicwhip.com\/fr\/product\/acheter-un-regulateur-de-pression-pour-oxyde-nitreux\/\"]}]},{\"@type\":\"ImageObject\",\"inLanguage\":\"fr-FR\",\"@id\":\"https:\/\/magicwhip.com\/fr\/product\/acheter-un-regulateur-de-pression-pour-oxyde-nitreux\/#primaryimage\",\"url\":\"https:\/\/magicwhip.com\/wp-content\/uploads\/2024\/12\/pressure-regulator.png\",\"contentUrl\":\"https:\/\/magicwhip.com\/wp-content\/uploads\/2024\/12\/pressure-regulator.png\",\"width\":1000,\"height\":1000,\"caption\":\"pressure-regulator\"},{\"@type\":\"BreadcrumbList\",\"@id\":\"https:\/\/magicwhip.com\/fr\/product\/acheter-un-regulateur-de-pression-pour-oxyde-nitreux\/#breadcrumb\",\"itemListElement\":[{\"@type\":\"ListItem\",\"position\":1,\"name\":\"Home\",\"item\":\"https:\/\/magicwhip.com\/fr\/\"},{\"@type\":\"ListItem\",\"position\":2,\"name\":\"Acheter un r\u00e9gulateur de pression pour oxyde nitreux\"}]},{\"@type\":\"WebSite\",\"@id\":\"https:\/\/magicwhip.com\/fr\/#website\",\"url\":\"https:\/\/magicwhip.com\/fr\/\",\"name\":\"MagicWhip\",\"description\":\"\",\"potentialAction\":[{\"@type\":\"SearchAction\",\"target\":{\"@type\":\"EntryPoint\",\"urlTemplate\":\"https:\/\/magicwhip.com\/fr\/?s={search_term_string}\"},\"query-input\":{\"@type\":\"PropertyValueSpecification\",\"valueRequired\":true,\"valueName\":\"search_term_string\"}}],\"inLanguage\":\"fr-FR\"}]}<\/script>\n<!-- \/ Yoast SEO plugin. -->","yoast_head_json":{"title":"R\u00e9gulateur de pression pour bonbonne protoxyde d'azote","description":"Les r\u00e9gulateurs de pression et manom\u00e8tres pour bonbonnes de protoxyde d'azote permettent d'ajuster la pression de sortie selon vos pr\u00e9f\u00e9rences. Vente en gros disponible.","robots":{"index":"index","follow":"follow","max-snippet":"max-snippet:-1","max-image-preview":"max-image-preview:large","max-video-preview":"max-video-preview:-1"},"canonical":"https:\/\/magicwhip.com\/fr\/product\/acheter-un-regulateur-de-pression-pour-oxyde-nitreux\/","og_locale":"fr_FR","og_type":"article","og_title":"R\u00e9gulateur de pression pour bonbonne protoxyde d'azote","og_description":"Les r\u00e9gulateurs de pression et manom\u00e8tres pour bonbonnes de protoxyde d'azote permettent d'ajuster la pression de sortie selon vos pr\u00e9f\u00e9rences. Vente en gros disponible.","og_url":"https:\/\/magicwhip.com\/fr\/product\/acheter-un-regulateur-de-pression-pour-oxyde-nitreux\/","og_site_name":"MagicWhip","article_modified_time":"2025-04-07T13:55:03+00:00","og_image":[{"width":1000,"height":1000,"url":"https:\/\/magicwhip.com\/wp-content\/uploads\/2024\/12\/pressure-regulator.png","type":"image\/png"}],"twitter_card":"summary_large_image","twitter_misc":{"Est. reading time":"3 minutes"},"schema":{"@context":"https:\/\/schema.org","@graph":[{"@type":"WebPage","@id":"https:\/\/magicwhip.com\/fr\/product\/acheter-un-regulateur-de-pression-pour-oxyde-nitreux\/","url":"https:\/\/magicwhip.com\/fr\/product\/acheter-un-regulateur-de-pression-pour-oxyde-nitreux\/","name":"R\u00e9gulateur de pression pour bonbonne protoxyde d'azote","isPartOf":{"@id":"https:\/\/magicwhip.com\/fr\/#website"},"primaryImageOfPage":{"@id":"https:\/\/magicwhip.com\/fr\/product\/acheter-un-regulateur-de-pression-pour-oxyde-nitreux\/#primaryimage"},"image":{"@id":"https:\/\/magicwhip.com\/fr\/product\/acheter-un-regulateur-de-pression-pour-oxyde-nitreux\/#primaryimage"},"thumbnailUrl":"https:\/\/magicwhip.com\/wp-content\/uploads\/2024\/12\/pressure-regulator.png","datePublished":"2024-12-02T08:12:11+00:00","dateModified":"2025-04-07T13:55:03+00:00","description":"Les r\u00e9gulateurs de pression et manom\u00e8tres pour bonbonnes de protoxyde d'azote permettent d'ajuster la pression de sortie selon vos pr\u00e9f\u00e9rences. Vente en gros disponible.","breadcrumb":{"@id":"https:\/\/magicwhip.com\/fr\/product\/acheter-un-regulateur-de-pression-pour-oxyde-nitreux\/#breadcrumb"},"inLanguage":"fr-FR","potentialAction":[{"@type":"ReadAction","target":["https:\/\/magicwhip.com\/fr\/product\/acheter-un-regulateur-de-pression-pour-oxyde-nitreux\/"]}]},{"@type":"ImageObject","inLanguage":"fr-FR","@id":"https:\/\/magicwhip.com\/fr\/product\/acheter-un-regulateur-de-pression-pour-oxyde-nitreux\/#primaryimage","url":"https:\/\/magicwhip.com\/wp-content\/uploads\/2024\/12\/pressure-regulator.png","contentUrl":"https:\/\/magicwhip.com\/wp-content\/uploads\/2024\/12\/pressure-regulator.png","width":1000,"height":1000,"caption":"pressure-regulator"},{"@type":"BreadcrumbList","@id":"https:\/\/magicwhip.com\/fr\/product\/acheter-un-regulateur-de-pression-pour-oxyde-nitreux\/#breadcrumb","itemListElement":[{"@type":"ListItem","position":1,"name":"Home","item":"https:\/\/magicwhip.com\/fr\/"},{"@type":"ListItem","position":2,"name":"Acheter un r\u00e9gulateur de pression pour oxyde nitreux"}]},{"@type":"WebSite","@id":"https:\/\/magicwhip.com\/fr\/#website","url":"https:\/\/magicwhip.com\/fr\/","name":"MagicWhip","description":"","potentialAction":[{"@type":"SearchAction","target":{"@type":"EntryPoint","urlTemplate":"https:\/\/magicwhip.com\/fr\/?s={search_term_string}"},"query-input":{"@type":"PropertyValueSpecification","valueRequired":true,"valueName":"search_term_string"}}],"inLanguage":"fr-FR"}]}},"_links":{"self":[{"href":"https:\/\/magicwhip.com\/fr\/wp-json\/wp\/v2\/product\/798","targetHints":{"allow":["GET"]}}],"collection":[{"href":"https:\/\/magicwhip.com\/fr\/wp-json\/wp\/v2\/product"}],"about":[{"href":"https:\/\/magicwhip.com\/fr\/wp-json\/wp\/v2\/types\/product"}],"wp:featuredmedia":[{"embeddable":true,"href":"https:\/\/magicwhip.com\/fr\/wp-json\/wp\/v2\/media\/670"}],"wp:attachment":[{"href":"https:\/\/magicwhip.com\/fr\/wp-json\/wp\/v2\/media?parent=798"}],"wp:term":[{"taxonomy":"product_brand","embeddable":true,"href":"https:\/\/magicwhip.com\/fr\/wp-json\/wp\/v2\/product_brand?post=798"},{"taxonomy":"product_cat","embeddable":true,"href":"https:\/\/magicwhip.com\/fr\/wp-json\/wp\/v2\/product_cat?post=798"},{"taxonomy":"product_tag","embeddable":true,"href":"https:\/\/magicwhip.com\/fr\/wp-json\/wp\/v2\/product_tag?post=798"}],"curies":[{"name":"wp","href":"https:\/\/api.w.org\/{rel}","templated":true}]}}